{"id":780,"date":"2021-10-09T23:29:56","date_gmt":"2021-10-09T21:29:56","guid":{"rendered":"https:\/\/seminario2021.org\/tiempo-de-cambio\/"},"modified":"2021-10-22T23:08:31","modified_gmt":"2021-10-22T21:08:31","slug":"tiempo-de-cambio","status":"publish","type":"page","link":"https:\/\/seminario2021.org\/pt-br\/tiempo-de-cambio\/","title":{"rendered":"Tempo de Mudan\u00e7a"},"content":{"rendered":"\t\t<div data-elementor-type=\"wp-page\" data-elementor-id=\"780\" class=\"elementor elementor-780 elementor-332\">\n\t\t\t\t\t\t<section class=\"elementor-section elementor-top-section elementor-element elementor-element-7e6dca9 elementor-section-boxed elementor-section-height-default elementor-section-height-default\" data-id=\"7e6dca9\" data-element_type=\"section\" data-e-type=\"section\">\n\t\t\t\t\t\t<div class=\"elementor-container elementor-column-gap-default\">\n\t\t\t\t\t<div class=\"elementor-column elementor-col-100 elementor-top-column elementor-element elementor-element-e21294b\" data-id=\"e21294b\" data-element_type=\"column\" data-e-type=\"column\">\n\t\t\t<div class=\"elementor-widget-wrap elementor-element-populated\">\n\t\t\t\t\t\t<div class=\"elementor-element elementor-element-1dddb10 elementor-widget elementor-widget-heading\" data-id=\"1dddb10\" data-element_type=\"widget\" data-e-type=\"widget\" data-widget_type=\"heading.default\">\n\t\t\t\t<div class=\"elementor-widget-container\">\n\t\t\t\t\t<h2 class=\"elementor-heading-title elementor-size-default\">Tempo de Mudan\u00e7a<\/h2>\t\t\t\t<\/div>\n\t\t\t\t<\/div>\n\t\t\t\t\t<\/div>\n\t\t<\/div>\n\t\t\t\t\t<\/div>\n\t\t<\/section>\n\t\t\t\t<section class=\"elementor-section elementor-top-section elementor-element elementor-element-78b853c elementor-section-boxed elementor-section-height-default elementor-section-height-default\" data-id=\"78b853c\" data-element_type=\"section\" data-e-type=\"section\">\n\t\t\t\t\t\t<div class=\"elementor-container elementor-column-gap-default\">\n\t\t\t\t\t<div class=\"elementor-column elementor-col-50 elementor-top-column elementor-element elementor-element-47031ad\" data-id=\"47031ad\" data-element_type=\"column\" data-e-type=\"column\">\n\t\t\t<div class=\"elementor-widget-wrap elementor-element-populated\">\n\t\t\t\t\t\t<div class=\"elementor-element elementor-element-ec01146 elementor-widget elementor-widget-text-editor\" data-id=\"ec01146\" data-element_type=\"widget\" data-e-type=\"widget\" data-widget_type=\"text-editor.default\">\n\t\t\t\t<div class=\"elementor-widget-container\">\n\t\t\t\t\t\t\t\t\t<h4>Tra\u00e7ando o roteiro<\/h4>\n\t\t\t\t\t\t\t\t<\/div>\n\t\t\t\t<\/div>\n\t\t\t\t\t<\/div>\n\t\t<\/div>\n\t\t\t\t<div class=\"elementor-column elementor-col-50 elementor-top-column elementor-element elementor-element-aa7c7f2\" data-id=\"aa7c7f2\" data-element_type=\"column\" data-e-type=\"column\">\n\t\t\t<div class=\"elementor-widget-wrap elementor-element-populated\">\n\t\t\t\t\t\t<div class=\"elementor-element elementor-element-c818f2b elementor-widget elementor-widget-text-editor\" data-id=\"c818f2b\" data-element_type=\"widget\" data-e-type=\"widget\" data-widget_type=\"text-editor.default\">\n\t\t\t\t<div class=\"elementor-widget-container\">\n\t\t\t\t\t\t\t\t\t<h3>22 de outubro de 2021<\/h3>\n\t\t\t\t\t\t\t\t<\/div>\n\t\t\t\t<\/div>\n\t\t\t\t\t<\/div>\n\t\t<\/div>\n\t\t\t\t\t<\/div>\n\t\t<\/section>\n\t\t\t\t<section class=\"elementor-section elementor-top-section elementor-element elementor-element-878f434 elementor-section-boxed elementor-section-height-default elementor-section-height-default\" data-id=\"878f434\" data-element_type=\"section\" data-e-type=\"section\">\n\t\t\t\t\t\t<div class=\"elementor-container elementor-column-gap-default\">\n\t\t\t\t\t<div class=\"elementor-column elementor-col-50 elementor-top-column elementor-element elementor-element-5c6a7a8\" data-id=\"5c6a7a8\" data-element_type=\"column\" data-e-type=\"column\">\n\t\t\t<div class=\"elementor-widget-wrap elementor-element-populated\">\n\t\t\t\t\t\t<div class=\"elementor-element elementor-element-9854cdb elementor-widget elementor-widget-text-editor\" data-id=\"9854cdb\" data-element_type=\"widget\" data-e-type=\"widget\" data-widget_type=\"text-editor.default\">\n\t\t\t\t<div class=\"elementor-widget-container\">\n\t\t\t\t\t\t\t\t\t<h5>Desenhamos o processo de mudan\u00e7a necess\u00e1ria para que as solu\u00e7\u00f5es propostas na etapa de explora\u00e7\u00e3o anterior se tornem realidade.<br \/>\nRefletimos sobre o impacto da mudan\u00e7a.<\/h5>\n\t\t\t\t\t\t\t\t<\/div>\n\t\t\t\t<\/div>\n\t\t\t\t<div class=\"elementor-element elementor-element-b190246 elementor-widget elementor-widget-text-editor\" data-id=\"b190246\" data-element_type=\"widget\" data-e-type=\"widget\" data-widget_type=\"text-editor.default\">\n\t\t\t\t<div class=\"elementor-widget-container\">\n\t\t\t\t\t\t\t\t\t<ol>\n<li>Apresenta\u00e7\u00e3o de <strong>M. N\u00faria Mir\u00f3<\/strong>, Conselheira Geral e Respons\u00e1vel de Nazaret Global Education<\/li>\n<li>Trabalho em grupos<\/li>\n<\/ol>\n\t\t\t\t\t\t\t\t<\/div>\n\t\t\t\t<\/div>\n\t\t\t\t<div class=\"elementor-element elementor-element-643067d elementor-view-default elementor-widget elementor-widget-icon\" data-id=\"643067d\" data-element_type=\"widget\" data-e-type=\"widget\" data-widget_type=\"icon.default\">\n\t\t\t\t<div class=\"elementor-widget-container\">\n\t\t\t\t\t\t\t<div class=\"elementor-icon-wrapper\">\n\t\t\t<a class=\"elementor-icon\" href=\"https:\/\/docs.google.com\/presentation\/d\/1KI1nuS0GaNzzWFt0Sv8B-3M-aTrqmPTqBhOlKwjVLNI\/copy\" target=\"_blank\">\n\t\t\t<i aria-hidden=\"true\" class=\"far fa-file\"><\/i>\t\t\t<\/a>\n\t\t<\/div>\n\t\t\t\t\t\t<\/div>\n\t\t\t\t<\/div>\n\t\t\t\t<div class=\"elementor-element elementor-element-46d67e2 elementor-widget elementor-widget-text-editor\" data-id=\"46d67e2\" data-element_type=\"widget\" data-e-type=\"widget\" data-widget_type=\"text-editor.default\">\n\t\t\t\t<div class=\"elementor-widget-container\">\n\t\t\t\t\t\t\t\t\t<p>Modelo de trabalho<\/p>\n\t\t\t\t\t\t\t\t<\/div>\n\t\t\t\t<\/div>\n\t\t\t\t<div class=\"elementor-element elementor-element-d0c65e5 elementor-view-default elementor-widget elementor-widget-icon\" data-id=\"d0c65e5\" data-element_type=\"widget\" data-e-type=\"widget\" data-widget_type=\"icon.default\">\n\t\t\t\t<div class=\"elementor-widget-container\">\n\t\t\t\t\t\t\t<div class=\"elementor-icon-wrapper\">\n\t\t\t<a class=\"elementor-icon\" href=\"https:\/\/seminario2021.org\/wp-content\/uploads\/2021\/10\/SINT-TEMPO-DE-MUDANC\u0327A-PORTUGUE\u0302S.pdf\" target=\"_blank\">\n\t\t\t<i aria-hidden=\"true\" class=\"far fa-file-alt\"><\/i>\t\t\t<\/a>\n\t\t<\/div>\n\t\t\t\t\t\t<\/div>\n\t\t\t\t<\/div>\n\t\t\t\t<div class=\"elementor-element elementor-element-bafa848 elementor-widget elementor-widget-text-editor\" data-id=\"bafa848\" data-element_type=\"widget\" data-e-type=\"widget\" data-widget_type=\"text-editor.default\">\n\t\t\t\t<div class=\"elementor-widget-container\">\n\t\t\t\t\t\t\t\t\t<p><span style=\"font-weight: 400;\">Trabalho em grupos<\/span><\/p>\n\t\t\t\t\t\t\t\t<\/div>\n\t\t\t\t<\/div>\n\t\t\t\t<div class=\"elementor-element elementor-element-54f6fa5 elementor-view-default elementor-widget elementor-widget-icon\" data-id=\"54f6fa5\" data-element_type=\"widget\" data-e-type=\"widget\" data-widget_type=\"icon.default\">\n\t\t\t\t<div class=\"elementor-widget-container\">\n\t\t\t\t\t\t\t<div class=\"elementor-icon-wrapper\">\n\t\t\t<a class=\"elementor-icon\" href=\"https:\/\/seminario2021.org\/wp-content\/uploads\/2021\/10\/PORT-NOTICIAS_TEMPO-DE-MUDANC\u0327A.pdf\" target=\"_blank\">\n\t\t\t<i aria-hidden=\"true\" class=\"far fa-newspaper\"><\/i>\t\t\t<\/a>\n\t\t<\/div>\n\t\t\t\t\t\t<\/div>\n\t\t\t\t<\/div>\n\t\t\t\t<div class=\"elementor-element elementor-element-169b8d2 elementor-widget elementor-widget-text-editor\" data-id=\"169b8d2\" data-element_type=\"widget\" data-e-type=\"widget\" data-widget_type=\"text-editor.default\">\n\t\t\t\t<div class=\"elementor-widget-container\">\n\t\t\t\t\t\t\t\t\t<p style=\"text-align: center;\">Not\u00edcias de mudan\u00e7a<\/p>\n\t\t\t\t\t\t\t\t<\/div>\n\t\t\t\t<\/div>\n\t\t\t\t\t<\/div>\n\t\t<\/div>\n\t\t\t\t<div class=\"elementor-column elementor-col-50 elementor-top-column elementor-element elementor-element-186a4a3\" data-id=\"186a4a3\" data-element_type=\"column\" data-e-type=\"column\">\n\t\t\t<div class=\"elementor-widget-wrap elementor-element-populated\">\n\t\t\t\t\t\t<div class=\"elementor-element elementor-element-4030a1e elementor-widget elementor-widget-image\" data-id=\"4030a1e\" data-element_type=\"widget\" data-e-type=\"widget\" data-widget_type=\"image.default\">\n\t\t\t\t<div class=\"elementor-widget-container\">\n\t\t\t\t\t\t\t\t\t\t\t\t\t\t\t<img fetchpriority=\"high\" decoding=\"async\" width=\"800\" height=\"816\" src=\"https:\/\/seminario2021.org\/wp-content\/uploads\/2021\/09\/TRAZAR-HOJA-DE-RUTA-1004x1024.jpg\" class=\"attachment-large size-large wp-image-490\" alt=\"\" srcset=\"https:\/\/seminario2021.org\/wp-content\/uploads\/2021\/09\/TRAZAR-HOJA-DE-RUTA-1004x1024.jpg 1004w, https:\/\/seminario2021.org\/wp-content\/uploads\/2021\/09\/TRAZAR-HOJA-DE-RUTA-294x300.jpg 294w, https:\/\/seminario2021.org\/wp-content\/uploads\/2021\/09\/TRAZAR-HOJA-DE-RUTA-768x784.jpg 768w, https:\/\/seminario2021.org\/wp-content\/uploads\/2021\/09\/TRAZAR-HOJA-DE-RUTA-1505x1536.jpg 1505w, https:\/\/seminario2021.org\/wp-content\/uploads\/2021\/09\/TRAZAR-HOJA-DE-RUTA.jpg 2008w\" sizes=\"(max-width: 800px) 100vw, 800px\" \/>\t\t\t\t\t\t\t\t\t\t\t\t\t\t\t<\/div>\n\t\t\t\t<\/div>\n\t\t\t\t\t<\/div>\n\t\t<\/div>\n\t\t\t\t\t<\/div>\n\t\t<\/section>\n\t\t\t\t<\/div>\n\t\t","protected":false},"excerpt":{"rendered":"<p>Tempo de Mudan\u00e7a Tra\u00e7ando o roteiro 22 de outubro de 2021 Desenhamos o processo de mudan\u00e7a necess\u00e1ria para que as solu\u00e7\u00f5es propostas na etapa de explora\u00e7\u00e3o anterior se tornem realidade. Refletimos sobre o impacto da mudan\u00e7a. Apresenta\u00e7\u00e3o de M. N\u00faria Mir\u00f3, Conselheira Geral e Respons\u00e1vel de Nazaret Global Education Trabalho em grupos Modelo de trabalho [&hellip;]<\/p>\n","protected":false},"author":2,"featured_media":0,"parent":0,"menu_order":0,"comment_status":"closed","ping_status":"closed","template":"","meta":{"footnotes":""},"class_list":["post-780","page","type-page","status-publish","hentry"],"_links":{"self":[{"href":"https:\/\/seminario2021.org\/pt-br\/wp-json\/wp\/v2\/pages\/780","targetHints":{"allow":["GET"]}}],"collection":[{"href":"https:\/\/seminario2021.org\/pt-br\/wp-json\/wp\/v2\/pages"}],"about":[{"href":"https:\/\/seminario2021.org\/pt-br\/wp-json\/wp\/v2\/types\/page"}],"author":[{"embeddable":true,"href":"https:\/\/seminario2021.org\/pt-br\/wp-json\/wp\/v2\/users\/2"}],"replies":[{"embeddable":true,"href":"https:\/\/seminario2021.org\/pt-br\/wp-json\/wp\/v2\/comments?post=780"}],"version-history":[{"count":7,"href":"https:\/\/seminario2021.org\/pt-br\/wp-json\/wp\/v2\/pages\/780\/revisions"}],"predecessor-version":[{"id":1541,"href":"https:\/\/seminario2021.org\/pt-br\/wp-json\/wp\/v2\/pages\/780\/revisions\/1541"}],"wp:attachment":[{"href":"https:\/\/seminario2021.org\/pt-br\/wp-json\/wp\/v2\/media?parent=780"}],"curies":[{"name":"wp","href":"https:\/\/api.w.org\/{rel}","templated":true}]}}