{"id":856,"date":"2021-10-09T23:39:48","date_gmt":"2021-10-09T21:39:48","guid":{"rendered":"https:\/\/seminario2021.org\/tiempo-de-explorar-y-reflexionar\/"},"modified":"2021-10-21T22:35:20","modified_gmt":"2021-10-21T20:35:20","slug":"tiempo-de-explorar-y-reflexionar","status":"publish","type":"page","link":"https:\/\/seminario2021.org\/pt-br\/tiempo-de-explorar-y-reflexionar\/","title":{"rendered":"Tempo de Explorar e Refletir"},"content":{"rendered":"\t\t<div data-elementor-type=\"wp-page\" data-elementor-id=\"856\" class=\"elementor elementor-856 elementor-348\">\n\t\t\t\t\t\t<section class=\"elementor-section elementor-top-section elementor-element elementor-element-9b6e019 elementor-section-boxed elementor-section-height-default elementor-section-height-default\" data-id=\"9b6e019\" data-element_type=\"section\" data-e-type=\"section\">\n\t\t\t\t\t\t<div class=\"elementor-container elementor-column-gap-default\">\n\t\t\t\t\t<div class=\"elementor-column elementor-col-100 elementor-top-column elementor-element elementor-element-94cd3c5\" data-id=\"94cd3c5\" data-element_type=\"column\" data-e-type=\"column\">\n\t\t\t<div class=\"elementor-widget-wrap elementor-element-populated\">\n\t\t\t\t\t\t<div class=\"elementor-element elementor-element-5ba498a elementor-widget elementor-widget-heading\" data-id=\"5ba498a\" data-element_type=\"widget\" data-e-type=\"widget\" data-widget_type=\"heading.default\">\n\t\t\t\t<div class=\"elementor-widget-container\">\n\t\t\t\t\t<h2 class=\"elementor-heading-title elementor-size-default\">Tempo de Explorar e Refletir<\/h2>\t\t\t\t<\/div>\n\t\t\t\t<\/div>\n\t\t\t\t\t<\/div>\n\t\t<\/div>\n\t\t\t\t\t<\/div>\n\t\t<\/section>\n\t\t\t\t<section class=\"elementor-section elementor-top-section elementor-element elementor-element-6175511 elementor-section-boxed elementor-section-height-default elementor-section-height-default\" data-id=\"6175511\" data-element_type=\"section\" data-e-type=\"section\">\n\t\t\t\t\t\t<div class=\"elementor-container elementor-column-gap-default\">\n\t\t\t\t\t<div class=\"elementor-column elementor-col-50 elementor-top-column elementor-element elementor-element-20dfe14\" data-id=\"20dfe14\" data-element_type=\"column\" data-e-type=\"column\">\n\t\t\t<div class=\"elementor-widget-wrap elementor-element-populated\">\n\t\t\t\t\t\t<div class=\"elementor-element elementor-element-fa9f3d8 elementor-widget elementor-widget-text-editor\" data-id=\"fa9f3d8\" data-element_type=\"widget\" data-e-type=\"widget\" data-widget_type=\"text-editor.default\">\n\t\t\t\t<div class=\"elementor-widget-container\">\n\t\t\t\t\t\t\t\t\t<h4>Em busca de necessidades e solu\u00e7\u00f5es<\/h4>\n\t\t\t\t\t\t\t\t<\/div>\n\t\t\t\t<\/div>\n\t\t\t\t\t<\/div>\n\t\t<\/div>\n\t\t\t\t<div class=\"elementor-column elementor-col-50 elementor-top-column elementor-element elementor-element-30ac6ae\" data-id=\"30ac6ae\" data-element_type=\"column\" data-e-type=\"column\">\n\t\t\t<div class=\"elementor-widget-wrap elementor-element-populated\">\n\t\t\t\t\t\t<div class=\"elementor-element elementor-element-e28c842 elementor-widget elementor-widget-text-editor\" data-id=\"e28c842\" data-element_type=\"widget\" data-e-type=\"widget\" data-widget_type=\"text-editor.default\">\n\t\t\t\t<div class=\"elementor-widget-container\">\n\t\t\t\t\t\t\t\t\t<div class=\"FFpbKc\"><\/div>\n<h2 id=\"c550\" class=\"oBOnKe\">21 de outubro 2021<\/h2>\n\t\t\t\t\t\t\t\t<\/div>\n\t\t\t\t<\/div>\n\t\t\t\t\t<\/div>\n\t\t<\/div>\n\t\t\t\t\t<\/div>\n\t\t<\/section>\n\t\t\t\t<section class=\"elementor-section elementor-top-section elementor-element elementor-element-5f2726e elementor-section-boxed elementor-section-height-default elementor-section-height-default\" data-id=\"5f2726e\" data-element_type=\"section\" data-e-type=\"section\">\n\t\t\t\t\t\t<div class=\"elementor-container elementor-column-gap-default\">\n\t\t\t\t\t<div class=\"elementor-column elementor-col-50 elementor-top-column elementor-element elementor-element-4be410e\" data-id=\"4be410e\" data-element_type=\"column\" data-e-type=\"column\">\n\t\t\t<div class=\"elementor-widget-wrap elementor-element-populated\">\n\t\t\t\t\t\t<div class=\"elementor-element elementor-element-fc82773 elementor-widget elementor-widget-text-editor\" data-id=\"fc82773\" data-element_type=\"widget\" data-e-type=\"widget\" data-widget_type=\"text-editor.default\">\n\t\t\t\t<div class=\"elementor-widget-container\">\n\t\t\t\t\t\t\t\t\t<h5>A partir dos 7 compromissos do Papa Francisco no encontro Global Compact On Education de outubro de 2020 e tendo em conta os Objetivos de Desenvolvimento Sustent\u00e1vel, exploramos as a\u0301reas de oportunidade em quatro grandes \u00e2mbitos:<br \/>\n\u2022 Curr\u00edculo, Metodologia, Avalia\u00e7\u00e3o<br \/>\n\u2022 Rol do Professor e Rol do Estudante<br \/>\n\u2022 Organizac\u00e3o<br \/>\n\u2022 Espa\u00e7os f\u00edsicos, digitais e culturais<\/h5>\n\t\t\t\t\t\t\t\t<\/div>\n\t\t\t\t<\/div>\n\t\t\t\t<div class=\"elementor-element elementor-element-fb1394b elementor-widget elementor-widget-text-editor\" data-id=\"fb1394b\" data-element_type=\"widget\" data-e-type=\"widget\" data-widget_type=\"text-editor.default\">\n\t\t\t\t<div class=\"elementor-widget-container\">\n\t\t\t\t\t\t\t\t\t<ol>\n<li>Apresenta\u00e7\u00e3o de <strong>M. Montserrat del Pozo<\/strong>, Superiora Geral das Filhas Mission\u00e1rias da Sagrada Fam\u00edlia de Nazar\u00e9<\/li>\n<li>Trabalho em grupos<\/li>\n<\/ol>\n\t\t\t\t\t\t\t\t<\/div>\n\t\t\t\t<\/div>\n\t\t\t\t<div class=\"elementor-element elementor-element-5bcd1ec elementor-view-default elementor-widget elementor-widget-icon\" data-id=\"5bcd1ec\" data-element_type=\"widget\" data-e-type=\"widget\" data-widget_type=\"icon.default\">\n\t\t\t\t<div class=\"elementor-widget-container\">\n\t\t\t\t\t\t\t<div class=\"elementor-icon-wrapper\">\n\t\t\t<a class=\"elementor-icon\" href=\"https:\/\/docs.google.com\/document\/d\/1cXZOjGfvpN2qt2hMy3nYveKxGWiumGXMjTE4QKnhFbo\/copy\" target=\"_blank\">\n\t\t\t<i aria-hidden=\"true\" class=\"far fa-file\"><\/i>\t\t\t<\/a>\n\t\t<\/div>\n\t\t\t\t\t\t<\/div>\n\t\t\t\t<\/div>\n\t\t\t\t<div class=\"elementor-element elementor-element-63962be elementor-widget elementor-widget-text-editor\" data-id=\"63962be\" data-element_type=\"widget\" data-e-type=\"widget\" data-widget_type=\"text-editor.default\">\n\t\t\t\t<div class=\"elementor-widget-container\">\n\t\t\t\t\t\t\t\t\t<p>Modelo de trabalho<\/p>\n\t\t\t\t\t\t\t\t<\/div>\n\t\t\t\t<\/div>\n\t\t\t\t<div class=\"elementor-element elementor-element-1a71c55 elementor-view-default elementor-widget elementor-widget-icon\" data-id=\"1a71c55\" data-element_type=\"widget\" data-e-type=\"widget\" data-widget_type=\"icon.default\">\n\t\t\t\t<div class=\"elementor-widget-container\">\n\t\t\t\t\t\t\t<div class=\"elementor-icon-wrapper\">\n\t\t\t<a class=\"elementor-icon\" href=\"https:\/\/seminario2021.org\/wp-content\/uploads\/2021\/10\/PORT-SINTESI-TEMPO-DE-EXPLORAR-E-REFLETIR.pdf\" target=\"_blank\">\n\t\t\t<i aria-hidden=\"true\" class=\"far fa-file-alt\"><\/i>\t\t\t<\/a>\n\t\t<\/div>\n\t\t\t\t\t\t<\/div>\n\t\t\t\t<\/div>\n\t\t\t\t<div class=\"elementor-element elementor-element-f16c83f elementor-widget elementor-widget-text-editor\" data-id=\"f16c83f\" data-element_type=\"widget\" data-e-type=\"widget\" data-widget_type=\"text-editor.default\">\n\t\t\t\t<div class=\"elementor-widget-container\">\n\t\t\t\t\t\t\t\t\t<p>S\u00edntese do trabalho dos grupos<\/p>\n\t\t\t\t\t\t\t\t<\/div>\n\t\t\t\t<\/div>\n\t\t\t\t<div class=\"elementor-element elementor-element-baca74a elementor-view-default elementor-widget elementor-widget-icon\" data-id=\"baca74a\" data-element_type=\"widget\" data-e-type=\"widget\" data-widget_type=\"icon.default\">\n\t\t\t\t<div class=\"elementor-widget-container\">\n\t\t\t\t\t\t\t<div class=\"elementor-icon-wrapper\">\n\t\t\t<a class=\"elementor-icon\" href=\"https:\/\/view.genial.ly\/6134fdc4003e770de0964f43\" target=\"_blank\">\n\t\t\t<i aria-hidden=\"true\" class=\"fas fa-wrench\"><\/i>\t\t\t<\/a>\n\t\t<\/div>\n\t\t\t\t\t\t<\/div>\n\t\t\t\t<\/div>\n\t\t\t\t<div class=\"elementor-element elementor-element-9d3d05d elementor-widget elementor-widget-text-editor\" data-id=\"9d3d05d\" data-element_type=\"widget\" data-e-type=\"widget\" data-widget_type=\"text-editor.default\">\n\t\t\t\t<div class=\"elementor-widget-container\">\n\t\t\t\t\t\t\t\t\t<p style=\"text-align: center;\">Exemplos de pr\u00e1ticas<\/p>\n\t\t\t\t\t\t\t\t<\/div>\n\t\t\t\t<\/div>\n\t\t\t\t\t<\/div>\n\t\t<\/div>\n\t\t\t\t<div class=\"elementor-column elementor-col-50 elementor-top-column elementor-element elementor-element-aaa154f\" data-id=\"aaa154f\" data-element_type=\"column\" data-e-type=\"column\">\n\t\t\t<div class=\"elementor-widget-wrap elementor-element-populated\">\n\t\t\t\t\t\t<div class=\"elementor-element elementor-element-3876d51 elementor-widget elementor-widget-image\" data-id=\"3876d51\" data-element_type=\"widget\" data-e-type=\"widget\" data-widget_type=\"image.default\">\n\t\t\t\t<div class=\"elementor-widget-container\">\n\t\t\t\t\t\t\t\t\t\t\t\t\t\t\t<img fetchpriority=\"high\" decoding=\"async\" width=\"800\" height=\"810\" src=\"https:\/\/seminario2021.org\/wp-content\/uploads\/2021\/09\/EXPLORAR-1011x1024.jpg\" class=\"attachment-large size-large wp-image-486\" alt=\"\" srcset=\"https:\/\/seminario2021.org\/wp-content\/uploads\/2021\/09\/EXPLORAR-1011x1024.jpg 1011w, https:\/\/seminario2021.org\/wp-content\/uploads\/2021\/09\/EXPLORAR-296x300.jpg 296w, https:\/\/seminario2021.org\/wp-content\/uploads\/2021\/09\/EXPLORAR-768x778.jpg 768w, https:\/\/seminario2021.org\/wp-content\/uploads\/2021\/09\/EXPLORAR-1517x1536.jpg 1517w, https:\/\/seminario2021.org\/wp-content\/uploads\/2021\/09\/EXPLORAR.jpg 1976w\" sizes=\"(max-width: 800px) 100vw, 800px\" \/>\t\t\t\t\t\t\t\t\t\t\t\t\t\t\t<\/div>\n\t\t\t\t<\/div>\n\t\t\t\t\t<\/div>\n\t\t<\/div>\n\t\t\t\t\t<\/div>\n\t\t<\/section>\n\t\t\t\t<\/div>\n\t\t","protected":false},"excerpt":{"rendered":"<p>Tempo de Explorar e Refletir Em busca de necessidades e solu\u00e7\u00f5es 21 de outubro 2021 A partir dos 7 compromissos do Papa Francisco no encontro Global Compact On Education de outubro de 2020 e tendo em conta os Objetivos de Desenvolvimento Sustent\u00e1vel, exploramos as a\u0301reas de oportunidade em quatro grandes \u00e2mbitos: \u2022 Curr\u00edculo, Metodologia, Avalia\u00e7\u00e3o [&hellip;]<\/p>\n","protected":false},"author":2,"featured_media":0,"parent":0,"menu_order":0,"comment_status":"closed","ping_status":"closed","template":"","meta":{"footnotes":""},"class_list":["post-856","page","type-page","status-publish","hentry"],"_links":{"self":[{"href":"https:\/\/seminario2021.org\/pt-br\/wp-json\/wp\/v2\/pages\/856","targetHints":{"allow":["GET"]}}],"collection":[{"href":"https:\/\/seminario2021.org\/pt-br\/wp-json\/wp\/v2\/pages"}],"about":[{"href":"https:\/\/seminario2021.org\/pt-br\/wp-json\/wp\/v2\/types\/page"}],"author":[{"embeddable":true,"href":"https:\/\/seminario2021.org\/pt-br\/wp-json\/wp\/v2\/users\/2"}],"replies":[{"embeddable":true,"href":"https:\/\/seminario2021.org\/pt-br\/wp-json\/wp\/v2\/comments?post=856"}],"version-history":[{"count":5,"href":"https:\/\/seminario2021.org\/pt-br\/wp-json\/wp\/v2\/pages\/856\/revisions"}],"predecessor-version":[{"id":1428,"href":"https:\/\/seminario2021.org\/pt-br\/wp-json\/wp\/v2\/pages\/856\/revisions\/1428"}],"wp:attachment":[{"href":"https:\/\/seminario2021.org\/pt-br\/wp-json\/wp\/v2\/media?parent=856"}],"curies":[{"name":"wp","href":"https:\/\/api.w.org\/{rel}","templated":true}]}}