{"id":925,"date":"2021-06-14T20:06:38","date_gmt":"2021-06-14T18:06:38","guid":{"rendered":"https:\/\/seminario2021.org\/inicio\/"},"modified":"2021-11-14T16:46:05","modified_gmt":"2021-11-14T15:46:05","slug":"inicio","status":"publish","type":"page","link":"https:\/\/seminario2021.org\/pt-br\/","title":{"rendered":"In\u00edcio"},"content":{"rendered":"\t\t<div data-elementor-type=\"wp-page\" data-elementor-id=\"925\" class=\"elementor elementor-925 elementor-7\">\n\t\t\t\t\t\t<section class=\"elementor-section elementor-top-section elementor-element elementor-element-74480cc elementor-section-boxed elementor-section-height-default elementor-section-height-default\" data-id=\"74480cc\" data-element_type=\"section\" data-e-type=\"section\" data-settings=\"{&quot;background_background&quot;:&quot;classic&quot;}\">\n\t\t\t\t\t\t<div class=\"elementor-container elementor-column-gap-default\">\n\t\t\t\t\t<div class=\"elementor-column elementor-col-100 elementor-top-column elementor-element elementor-element-1ba9d311\" data-id=\"1ba9d311\" data-element_type=\"column\" data-e-type=\"column\" data-settings=\"{&quot;background_background&quot;:&quot;classic&quot;}\">\n\t\t\t<div class=\"elementor-widget-wrap elementor-element-populated\">\n\t\t\t\t\t\t<div class=\"elementor-element elementor-element-792ecde5 elementor-widget elementor-widget-heading\" data-id=\"792ecde5\" data-element_type=\"widget\" data-e-type=\"widget\" data-widget_type=\"heading.default\">\n\t\t\t\t<div class=\"elementor-widget-container\">\n\t\t\t\t\t<h4 class=\"elementor-heading-title elementor-size-default\">A transformac\u0327a\u0303o da escola no marco do Pacto Educativo Global<\/h4>\t\t\t\t<\/div>\n\t\t\t\t<\/div>\n\t\t\t\t<div class=\"elementor-element elementor-element-63b5f6ae elementor-widget elementor-widget-heading\" data-id=\"63b5f6ae\" data-element_type=\"widget\" data-e-type=\"widget\" data-widget_type=\"heading.default\">\n\t\t\t\t<div class=\"elementor-widget-container\">\n\t\t\t\t\t<h3 class=\"elementor-heading-title elementor-size-default\">Semina\u0301rio de Formac\u0327a\u0303o de Educadores<br>21-23 outubro 2021<\/h3>\t\t\t\t<\/div>\n\t\t\t\t<\/div>\n\t\t\t\t\t<\/div>\n\t\t<\/div>\n\t\t\t\t\t<\/div>\n\t\t<\/section>\n\t\t\t\t<section class=\"elementor-section elementor-top-section elementor-element elementor-element-6f3a08c9 elementor-section-boxed elementor-section-height-default elementor-section-height-default\" data-id=\"6f3a08c9\" data-element_type=\"section\" data-e-type=\"section\">\n\t\t\t\t\t\t<div class=\"elementor-container elementor-column-gap-no\">\n\t\t\t\t\t<div class=\"elementor-column elementor-col-100 elementor-top-column elementor-element elementor-element-53f43522\" data-id=\"53f43522\" data-element_type=\"column\" data-e-type=\"column\">\n\t\t\t<div class=\"elementor-widget-wrap elementor-element-populated\">\n\t\t\t\t\t\t<div class=\"elementor-element elementor-element-4e52cbcf elementor-widget elementor-widget-heading\" data-id=\"4e52cbcf\" data-element_type=\"widget\" data-e-type=\"widget\" data-widget_type=\"heading.default\">\n\t\t\t\t<div class=\"elementor-widget-container\">\n\t\t\t\t\t<h2 class=\"elementor-heading-title elementor-size-default\">Oferecer um espa\u00e7o de reflex\u00e3o que permita discernir necessidades a partir de uma escuta atenta <br> Gerar a necessidade de uma transforma\u00e7\u00e3o sist\u00eamica para a inova\u00e7\u00e3o sustent\u00e1vel <br> Gerar uma rede que promova o Pacto Global pela Educa\u00e7\u00e3o<\/h2>\t\t\t\t<\/div>\n\t\t\t\t<\/div>\n\t\t\t\t<section class=\"elementor-section elementor-inner-section elementor-element elementor-element-5dc8cf3 elementor-section-boxed elementor-section-height-default elementor-section-height-default\" data-id=\"5dc8cf3\" data-element_type=\"section\" data-e-type=\"section\">\n\t\t\t\t\t\t<div class=\"elementor-container elementor-column-gap-wide\">\n\t\t\t\t\t<div class=\"elementor-column elementor-col-33 elementor-inner-column elementor-element elementor-element-d0f7175\" data-id=\"d0f7175\" data-element_type=\"column\" data-e-type=\"column\" data-settings=\"{&quot;background_background&quot;:&quot;classic&quot;}\">\n\t\t\t<div class=\"elementor-widget-wrap elementor-element-populated\">\n\t\t\t\t\t\t<div class=\"elementor-element elementor-element-61acf1a4 elementor-widget elementor-widget-image\" data-id=\"61acf1a4\" data-element_type=\"widget\" data-e-type=\"widget\" data-widget_type=\"image.default\">\n\t\t\t\t<div class=\"elementor-widget-container\">\n\t\t\t\t\t\t\t\t\t\t\t\t\t\t\t<img fetchpriority=\"high\" decoding=\"async\" width=\"800\" height=\"810\" src=\"https:\/\/seminario2021.org\/wp-content\/uploads\/2021\/09\/EXPLORAR-1011x1024.jpg\" class=\"attachment-large size-large wp-image-486\" alt=\"\" srcset=\"https:\/\/seminario2021.org\/wp-content\/uploads\/2021\/09\/EXPLORAR-1011x1024.jpg 1011w, https:\/\/seminario2021.org\/wp-content\/uploads\/2021\/09\/EXPLORAR-296x300.jpg 296w, https:\/\/seminario2021.org\/wp-content\/uploads\/2021\/09\/EXPLORAR-768x778.jpg 768w, https:\/\/seminario2021.org\/wp-content\/uploads\/2021\/09\/EXPLORAR-1517x1536.jpg 1517w, https:\/\/seminario2021.org\/wp-content\/uploads\/2021\/09\/EXPLORAR.jpg 1976w\" sizes=\"(max-width: 800px) 100vw, 800px\" \/>\t\t\t\t\t\t\t\t\t\t\t\t\t\t\t<\/div>\n\t\t\t\t<\/div>\n\t\t\t\t<div class=\"elementor-element elementor-element-13a49256 elementor-widget elementor-widget-heading\" data-id=\"13a49256\" data-element_type=\"widget\" data-e-type=\"widget\" data-widget_type=\"heading.default\">\n\t\t\t\t<div class=\"elementor-widget-container\">\n\t\t\t\t\t<h4 class=\"elementor-heading-title elementor-size-default\">TEMPO DE EXPLORAR E REFLETIR<\/h4>\t\t\t\t<\/div>\n\t\t\t\t<\/div>\n\t\t\t\t<div class=\"elementor-element elementor-element-456e7951 elementor-widget elementor-widget-text-editor\" data-id=\"456e7951\" data-element_type=\"widget\" data-e-type=\"widget\" data-widget_type=\"text-editor.default\">\n\t\t\t\t<div class=\"elementor-widget-container\">\n\t\t\t\t\t\t\t\t\t<p>Em busca de necessidades e solu\u00e7\u00f5es<\/p>\n\t\t\t\t\t\t\t\t<\/div>\n\t\t\t\t<\/div>\n\t\t\t\t<div class=\"elementor-element elementor-element-5ecceb83 elementor-align-center elementor-widget elementor-widget-button\" data-id=\"5ecceb83\" data-element_type=\"widget\" data-e-type=\"widget\" data-widget_type=\"button.default\">\n\t\t\t\t<div class=\"elementor-widget-container\">\n\t\t\t\t\t\t\t\t\t<div class=\"elementor-button-wrapper\">\n\t\t\t\t\t<a class=\"elementor-button elementor-button-link elementor-size-sm\" href=\"https:\/\/seminario2021.org\/pt-br\/tiempo-de-explorar-y-reflexionar\/\">\n\t\t\t\t\t\t<span class=\"elementor-button-content-wrapper\">\n\t\t\t\t\t\t<span class=\"elementor-button-icon\">\n\t\t\t\t<i aria-hidden=\"true\" class=\"fas fa-play\"><\/i>\t\t\t<\/span>\n\t\t\t\t\t\t\t\t<\/span>\n\t\t\t\t\t<\/a>\n\t\t\t\t<\/div>\n\t\t\t\t\t\t\t\t<\/div>\n\t\t\t\t<\/div>\n\t\t\t\t\t<\/div>\n\t\t<\/div>\n\t\t\t\t<div class=\"elementor-column elementor-col-33 elementor-inner-column elementor-element elementor-element-219f8fef\" data-id=\"219f8fef\" data-element_type=\"column\" data-e-type=\"column\" data-settings=\"{&quot;background_background&quot;:&quot;classic&quot;}\">\n\t\t\t<div class=\"elementor-widget-wrap elementor-element-populated\">\n\t\t\t\t\t\t<div class=\"elementor-element elementor-element-38ae584c elementor-widget elementor-widget-image\" data-id=\"38ae584c\" data-element_type=\"widget\" data-e-type=\"widget\" data-widget_type=\"image.default\">\n\t\t\t\t<div class=\"elementor-widget-container\">\n\t\t\t\t\t\t\t\t\t\t\t\t\t\t\t<img decoding=\"async\" width=\"800\" height=\"810\" src=\"https:\/\/seminario2021.org\/wp-content\/uploads\/2021\/10\/TRAZAR-1011x1024.jpg\" class=\"attachment-large size-large wp-image-839\" alt=\"\" srcset=\"https:\/\/seminario2021.org\/wp-content\/uploads\/2021\/10\/TRAZAR-1011x1024.jpg 1011w, https:\/\/seminario2021.org\/wp-content\/uploads\/2021\/10\/TRAZAR-296x300.jpg 296w, https:\/\/seminario2021.org\/wp-content\/uploads\/2021\/10\/TRAZAR-768x778.jpg 768w, https:\/\/seminario2021.org\/wp-content\/uploads\/2021\/10\/TRAZAR-1517x1536.jpg 1517w, https:\/\/seminario2021.org\/wp-content\/uploads\/2021\/10\/TRAZAR.jpg 1976w\" sizes=\"(max-width: 800px) 100vw, 800px\" \/>\t\t\t\t\t\t\t\t\t\t\t\t\t\t\t<\/div>\n\t\t\t\t<\/div>\n\t\t\t\t<div class=\"elementor-element elementor-element-2ad011ee elementor-widget elementor-widget-heading\" data-id=\"2ad011ee\" data-element_type=\"widget\" data-e-type=\"widget\" data-widget_type=\"heading.default\">\n\t\t\t\t<div class=\"elementor-widget-container\">\n\t\t\t\t\t<h4 class=\"elementor-heading-title elementor-size-default\">TEMPO <br>DE MUDAN\u00c7A<\/h4>\t\t\t\t<\/div>\n\t\t\t\t<\/div>\n\t\t\t\t<div class=\"elementor-element elementor-element-6c20d928 elementor-widget elementor-widget-text-editor\" data-id=\"6c20d928\" data-element_type=\"widget\" data-e-type=\"widget\" data-widget_type=\"text-editor.default\">\n\t\t\t\t<div class=\"elementor-widget-container\">\n\t\t\t\t\t\t\t\t\t<p><span style=\"font-weight: 400;\">Tra\u00e7ando<br \/>\n<\/span><span style=\"font-weight: 400;\">o roteiro<\/span><\/p>\n\t\t\t\t\t\t\t\t<\/div>\n\t\t\t\t<\/div>\n\t\t\t\t<div class=\"elementor-element elementor-element-603f3ea0 elementor-align-center elementor-widget elementor-widget-button\" data-id=\"603f3ea0\" data-element_type=\"widget\" data-e-type=\"widget\" data-widget_type=\"button.default\">\n\t\t\t\t<div class=\"elementor-widget-container\">\n\t\t\t\t\t\t\t\t\t<div class=\"elementor-button-wrapper\">\n\t\t\t\t\t<a class=\"elementor-button elementor-button-link elementor-size-sm\" href=\"https:\/\/seminario2021.org\/pt-br\/tiempo-de-cambio\/\">\n\t\t\t\t\t\t<span class=\"elementor-button-content-wrapper\">\n\t\t\t\t\t\t<span class=\"elementor-button-icon\">\n\t\t\t\t<i aria-hidden=\"true\" class=\"fas fa-play\"><\/i>\t\t\t<\/span>\n\t\t\t\t\t\t\t\t<\/span>\n\t\t\t\t\t<\/a>\n\t\t\t\t<\/div>\n\t\t\t\t\t\t\t\t<\/div>\n\t\t\t\t<\/div>\n\t\t\t\t\t<\/div>\n\t\t<\/div>\n\t\t\t\t<div class=\"elementor-column elementor-col-33 elementor-inner-column elementor-element elementor-element-74ed1673\" data-id=\"74ed1673\" data-element_type=\"column\" data-e-type=\"column\" data-settings=\"{&quot;background_background&quot;:&quot;classic&quot;}\">\n\t\t\t<div class=\"elementor-widget-wrap elementor-element-populated\">\n\t\t\t\t\t\t<div class=\"elementor-element elementor-element-66f3a760 elementor-widget elementor-widget-image\" data-id=\"66f3a760\" data-element_type=\"widget\" data-e-type=\"widget\" data-widget_type=\"image.default\">\n\t\t\t\t<div class=\"elementor-widget-container\">\n\t\t\t\t\t\t\t\t\t\t\t\t\t\t\t<img decoding=\"async\" width=\"800\" height=\"810\" src=\"https:\/\/seminario2021.org\/wp-content\/uploads\/2021\/10\/RED2-1011x1024.jpg\" class=\"attachment-large size-large wp-image-845\" alt=\"\" srcset=\"https:\/\/seminario2021.org\/wp-content\/uploads\/2021\/10\/RED2-1011x1024.jpg 1011w, https:\/\/seminario2021.org\/wp-content\/uploads\/2021\/10\/RED2-296x300.jpg 296w, https:\/\/seminario2021.org\/wp-content\/uploads\/2021\/10\/RED2-768x778.jpg 768w, https:\/\/seminario2021.org\/wp-content\/uploads\/2021\/10\/RED2-1517x1536.jpg 1517w, https:\/\/seminario2021.org\/wp-content\/uploads\/2021\/10\/RED2.jpg 1976w\" sizes=\"(max-width: 800px) 100vw, 800px\" \/>\t\t\t\t\t\t\t\t\t\t\t\t\t\t\t<\/div>\n\t\t\t\t<\/div>\n\t\t\t\t<div class=\"elementor-element elementor-element-31928c40 elementor-widget elementor-widget-heading\" data-id=\"31928c40\" data-element_type=\"widget\" data-e-type=\"widget\" data-widget_type=\"heading.default\">\n\t\t\t\t<div class=\"elementor-widget-container\">\n\t\t\t\t\t<h4 class=\"elementor-heading-title elementor-size-default\">TEMPO <br>DE PACTO<\/h4>\t\t\t\t<\/div>\n\t\t\t\t<\/div>\n\t\t\t\t<div class=\"elementor-element elementor-element-b00ded1 elementor-widget elementor-widget-text-editor\" data-id=\"b00ded1\" data-element_type=\"widget\" data-e-type=\"widget\" data-widget_type=\"text-editor.default\">\n\t\t\t\t<div class=\"elementor-widget-container\">\n\t\t\t\t\t\t\t\t\t<p><span style=\"font-weight: 400;\">Da hierarquia tradicional \u00e0 redarquia<\/span><\/p>\n\t\t\t\t\t\t\t\t<\/div>\n\t\t\t\t<\/div>\n\t\t\t\t<div class=\"elementor-element elementor-element-24b38b9f elementor-align-center elementor-widget elementor-widget-button\" data-id=\"24b38b9f\" data-element_type=\"widget\" data-e-type=\"widget\" data-widget_type=\"button.default\">\n\t\t\t\t<div class=\"elementor-widget-container\">\n\t\t\t\t\t\t\t\t\t<div class=\"elementor-button-wrapper\">\n\t\t\t\t\t<a class=\"elementor-button elementor-button-link elementor-size-sm\" href=\"https:\/\/seminario2021.org\/pt-br\/tiempo-de-pacto\/\">\n\t\t\t\t\t\t<span class=\"elementor-button-content-wrapper\">\n\t\t\t\t\t\t<span class=\"elementor-button-icon\">\n\t\t\t\t<i aria-hidden=\"true\" class=\"fas fa-play\"><\/i>\t\t\t<\/span>\n\t\t\t\t\t\t\t\t<\/span>\n\t\t\t\t\t<\/a>\n\t\t\t\t<\/div>\n\t\t\t\t\t\t\t\t<\/div>\n\t\t\t\t<\/div>\n\t\t\t\t\t<\/div>\n\t\t<\/div>\n\t\t\t\t\t<\/div>\n\t\t<\/section>\n\t\t\t\t\t<\/div>\n\t\t<\/div>\n\t\t\t\t\t<\/div>\n\t\t<\/section>\n\t\t\t\t<section class=\"elementor-section elementor-top-section elementor-element elementor-element-1f876ec9 elementor-section-boxed elementor-section-height-default elementor-section-height-default\" data-id=\"1f876ec9\" data-element_type=\"section\" data-e-type=\"section\" data-settings=\"{&quot;background_background&quot;:&quot;classic&quot;}\">\n\t\t\t\t\t\t<div class=\"elementor-container elementor-column-gap-no\">\n\t\t\t\t\t<div class=\"elementor-column elementor-col-100 elementor-top-column elementor-element elementor-element-30177f9\" data-id=\"30177f9\" data-element_type=\"column\" data-e-type=\"column\">\n\t\t\t<div class=\"elementor-widget-wrap elementor-element-populated\">\n\t\t\t\t\t\t<section class=\"elementor-section elementor-inner-section elementor-element elementor-element-36f0bf2 elementor-section-boxed elementor-section-height-default elementor-section-height-default\" data-id=\"36f0bf2\" data-element_type=\"section\" data-e-type=\"section\">\n\t\t\t\t\t\t<div class=\"elementor-container elementor-column-gap-default\">\n\t\t\t\t\t<div class=\"elementor-column elementor-col-50 elementor-inner-column elementor-element elementor-element-0452332\" data-id=\"0452332\" data-element_type=\"column\" data-e-type=\"column\">\n\t\t\t<div class=\"elementor-widget-wrap elementor-element-populated\">\n\t\t\t\t\t\t<div class=\"elementor-element elementor-element-620b0c5 elementor-widget elementor-widget-image\" data-id=\"620b0c5\" data-element_type=\"widget\" data-e-type=\"widget\" data-widget_type=\"image.default\">\n\t\t\t\t<div class=\"elementor-widget-container\">\n\t\t\t\t\t\t\t\t\t\t\t\t\t\t\t\t<a href=\"https:\/\/seminario2021.org\/pt-br\/transformaciones-para-la-innovacion-sistemica-y-sostenible\/\" target=\"_blank\">\n\t\t\t\t\t\t\t<img loading=\"lazy\" decoding=\"async\" width=\"800\" height=\"800\" src=\"https:\/\/seminario2021.org\/wp-content\/uploads\/2021\/09\/pre-1024x1024.jpg\" class=\"attachment-large size-large wp-image-534\" alt=\"\" srcset=\"https:\/\/seminario2021.org\/wp-content\/uploads\/2021\/09\/pre-1024x1024.jpg 1024w, https:\/\/seminario2021.org\/wp-content\/uploads\/2021\/09\/pre-300x300.jpg 300w, https:\/\/seminario2021.org\/wp-content\/uploads\/2021\/09\/pre-150x150.jpg 150w, https:\/\/seminario2021.org\/wp-content\/uploads\/2021\/09\/pre-768x768.jpg 768w, https:\/\/seminario2021.org\/wp-content\/uploads\/2021\/09\/pre.jpg 1276w\" sizes=\"(max-width: 800px) 100vw, 800px\" \/>\t\t\t\t\t\t\t\t<\/a>\n\t\t\t\t\t\t\t\t\t\t\t\t\t\t\t<\/div>\n\t\t\t\t<\/div>\n\t\t\t\t\t<\/div>\n\t\t<\/div>\n\t\t\t\t<div class=\"elementor-column elementor-col-50 elementor-inner-column elementor-element elementor-element-c0f3e3e\" data-id=\"c0f3e3e\" data-element_type=\"column\" data-e-type=\"column\">\n\t\t\t<div class=\"elementor-widget-wrap elementor-element-populated\">\n\t\t\t\t\t\t<div class=\"elementor-element elementor-element-2b2ddaf3 elementor-widget elementor-widget-heading\" data-id=\"2b2ddaf3\" data-element_type=\"widget\" data-e-type=\"widget\" data-widget_type=\"heading.default\">\n\t\t\t\t<div class=\"elementor-widget-container\">\n\t\t\t\t\t<h4 class=\"elementor-heading-title elementor-size-default\"><a href=\"https:\/\/seminario2021.org\/pt-br\/recursos-preseminario\/\">Recursos PR\u00c9semin\u00e1rio<\/a><\/h4>\t\t\t\t<\/div>\n\t\t\t\t<\/div>\n\t\t\t\t<div class=\"elementor-element elementor-element-9b73cc6 elementor-widget elementor-widget-text-editor\" data-id=\"9b73cc6\" data-element_type=\"widget\" data-e-type=\"widget\" data-widget_type=\"text-editor.default\">\n\t\t\t\t<div class=\"elementor-widget-container\">\n\t\t\t\t\t\t\t\t\t<p>Prepare-se!<\/p>\n\t\t\t\t\t\t\t\t<\/div>\n\t\t\t\t<\/div>\n\t\t\t\t\t<\/div>\n\t\t<\/div>\n\t\t\t\t\t<\/div>\n\t\t<\/section>\n\t\t\t\t<section class=\"elementor-section elementor-inner-section elementor-element elementor-element-f94a362 elementor-section-boxed elementor-section-height-default elementor-section-height-default\" data-id=\"f94a362\" data-element_type=\"section\" data-e-type=\"section\">\n\t\t\t\t\t\t<div class=\"elementor-container elementor-column-gap-default\">\n\t\t\t\t\t<div class=\"elementor-column elementor-col-50 elementor-inner-column elementor-element elementor-element-c8a8af1\" data-id=\"c8a8af1\" data-element_type=\"column\" data-e-type=\"column\">\n\t\t\t<div class=\"elementor-widget-wrap elementor-element-populated\">\n\t\t\t\t\t\t<div class=\"elementor-element elementor-element-a6ddd73 elementor-widget elementor-widget-heading\" data-id=\"a6ddd73\" data-element_type=\"widget\" data-e-type=\"widget\" data-widget_type=\"heading.default\">\n\t\t\t\t<div class=\"elementor-widget-container\">\n\t\t\t\t\t<h4 class=\"elementor-heading-title elementor-size-default\"><a href=\"https:\/\/seminario2021.org\/pt-br\/recursos-postseminario\/\" target=\"_blank\">Recursos POSTsemin\u00e1rio<\/a><\/h4>\t\t\t\t<\/div>\n\t\t\t\t<\/div>\n\t\t\t\t<div class=\"elementor-element elementor-element-7c5e482 elementor-widget elementor-widget-text-editor\" data-id=\"7c5e482\" data-element_type=\"widget\" data-e-type=\"widget\" data-widget_type=\"text-editor.default\">\n\t\t\t\t<div class=\"elementor-widget-container\">\n\t\t\t\t\t\t\t\t\t<p>Continue cavando!<\/p>\n\t\t\t\t\t\t\t\t<\/div>\n\t\t\t\t<\/div>\n\t\t\t\t\t<\/div>\n\t\t<\/div>\n\t\t\t\t<div class=\"elementor-column elementor-col-50 elementor-inner-column elementor-element elementor-element-b307d93\" data-id=\"b307d93\" data-element_type=\"column\" data-e-type=\"column\">\n\t\t\t<div class=\"elementor-widget-wrap elementor-element-populated\">\n\t\t\t\t\t\t<div class=\"elementor-element elementor-element-f0d1b77 elementor-widget__width-inherit elementor-widget elementor-widget-image\" data-id=\"f0d1b77\" data-element_type=\"widget\" data-e-type=\"widget\" data-widget_type=\"image.default\">\n\t\t\t\t<div class=\"elementor-widget-container\">\n\t\t\t\t\t\t\t\t\t\t\t\t\t\t\t\t<a href=\"https:\/\/seminario2021.org\/pt-br\/recursos-postseminario\/\">\n\t\t\t\t\t\t\t<img loading=\"lazy\" decoding=\"async\" width=\"800\" height=\"800\" src=\"https:\/\/seminario2021.org\/wp-content\/uploads\/2021\/09\/post1-1024x1024.jpg\" class=\"attachment-large size-large wp-image-550\" alt=\"\" srcset=\"https:\/\/seminario2021.org\/wp-content\/uploads\/2021\/09\/post1-1024x1024.jpg 1024w, https:\/\/seminario2021.org\/wp-content\/uploads\/2021\/09\/post1-300x300.jpg 300w, https:\/\/seminario2021.org\/wp-content\/uploads\/2021\/09\/post1-150x150.jpg 150w, https:\/\/seminario2021.org\/wp-content\/uploads\/2021\/09\/post1-768x768.jpg 768w, https:\/\/seminario2021.org\/wp-content\/uploads\/2021\/09\/post1.jpg 1276w\" sizes=\"(max-width: 800px) 100vw, 800px\" \/>\t\t\t\t\t\t\t\t<\/a>\n\t\t\t\t\t\t\t\t\t\t\t\t\t\t\t<\/div>\n\t\t\t\t<\/div>\n\t\t\t\t\t<\/div>\n\t\t<\/div>\n\t\t\t\t\t<\/div>\n\t\t<\/section>\n\t\t\t\t\t<\/div>\n\t\t<\/div>\n\t\t\t\t\t<\/div>\n\t\t<\/section>\n\t\t\t\t<section class=\"elementor-section elementor-top-section elementor-element elementor-element-4d6de20 elementor-section-boxed elementor-section-height-default elementor-section-height-default\" data-id=\"4d6de20\" data-element_type=\"section\" data-e-type=\"section\">\n\t\t\t\t\t\t<div class=\"elementor-container elementor-column-gap-default\">\n\t\t\t\t\t<div class=\"elementor-column elementor-col-100 elementor-top-column elementor-element elementor-element-3758e62\" data-id=\"3758e62\" data-element_type=\"column\" data-e-type=\"column\">\n\t\t\t<div class=\"elementor-widget-wrap elementor-element-populated\">\n\t\t\t\t\t\t<div class=\"elementor-element elementor-element-54228a5 elementor-widget elementor-widget-text-editor\" data-id=\"54228a5\" data-element_type=\"widget\" data-e-type=\"widget\" data-widget_type=\"text-editor.default\">\n\t\t\t\t<div class=\"elementor-widget-container\">\n\t\t\t\t\t\t\t\t\t<p style=\"text-align: center;\">Organizzato da<\/p>\n<p style=\"text-align: center;\">\n\t\t\t\t\t\t\t\t<\/div>\n\t\t\t\t<\/div>\n\t\t\t\t<div class=\"elementor-element elementor-element-800a150 elementor-widget elementor-widget-image\" data-id=\"800a150\" data-element_type=\"widget\" data-e-type=\"widget\" data-widget_type=\"image.default\">\n\t\t\t\t<div class=\"elementor-widget-container\">\n\t\t\t\t\t\t\t\t\t\t\t\t\t\t\t<img loading=\"lazy\" decoding=\"async\" width=\"768\" height=\"57\" src=\"https:\/\/seminario2021.org\/wp-content\/uploads\/2021\/10\/logo-global-edu-trans2-768x57.png\" class=\"attachment-medium_large size-medium_large wp-image-1285\" alt=\"\" srcset=\"https:\/\/seminario2021.org\/wp-content\/uploads\/2021\/10\/logo-global-edu-trans2-768x57.png 768w, https:\/\/seminario2021.org\/wp-content\/uploads\/2021\/10\/logo-global-edu-trans2-300x22.png 300w, https:\/\/seminario2021.org\/wp-content\/uploads\/2021\/10\/logo-global-edu-trans2-1024x76.png 1024w, https:\/\/seminario2021.org\/wp-content\/uploads\/2021\/10\/logo-global-edu-trans2-1536x113.png 1536w, https:\/\/seminario2021.org\/wp-content\/uploads\/2021\/10\/logo-global-edu-trans2-2048x151.png 2048w\" sizes=\"(max-width: 768px) 100vw, 768px\" \/>\t\t\t\t\t\t\t\t\t\t\t\t\t\t\t<\/div>\n\t\t\t\t<\/div>\n\t\t\t\t<div class=\"elementor-element elementor-element-9a2b58b elementor-align-center elementor-widget elementor-widget-button\" data-id=\"9a2b58b\" data-element_type=\"widget\" data-e-type=\"widget\" data-widget_type=\"button.default\">\n\t\t\t\t<div class=\"elementor-widget-container\">\n\t\t\t\t\t\t\t\t\t<div class=\"elementor-button-wrapper\">\n\t\t\t\t\t<a class=\"elementor-button elementor-button-link elementor-size-sm\" href=\"mailto:nge@misionerasnazaret.net\">\n\t\t\t\t\t\t<span class=\"elementor-button-content-wrapper\">\n\t\t\t\t\t\t\t\t\t<span class=\"elementor-button-text\">nge@misionerasnazaret.net<\/span>\n\t\t\t\t\t<\/span>\n\t\t\t\t\t<\/a>\n\t\t\t\t<\/div>\n\t\t\t\t\t\t\t\t<\/div>\n\t\t\t\t<\/div>\n\t\t\t\t\t<\/div>\n\t\t<\/div>\n\t\t\t\t\t<\/div>\n\t\t<\/section>\n\t\t\t\t<section class=\"elementor-section elementor-top-section elementor-element elementor-element-a1f00aa elementor-section-boxed elementor-section-height-default elementor-section-height-default\" data-id=\"a1f00aa\" data-element_type=\"section\" data-e-type=\"section\">\n\t\t\t\t\t\t<div class=\"elementor-container elementor-column-gap-default\">\n\t\t\t\t\t<div class=\"elementor-column elementor-col-100 elementor-top-column elementor-element elementor-element-e3fea72\" data-id=\"e3fea72\" data-element_type=\"column\" data-e-type=\"column\">\n\t\t\t<div class=\"elementor-widget-wrap elementor-element-populated\">\n\t\t\t\t\t\t<div class=\"elementor-element elementor-element-7127006 elementor-widget elementor-widget-image\" data-id=\"7127006\" data-element_type=\"widget\" data-e-type=\"widget\" data-widget_type=\"image.default\">\n\t\t\t\t<div class=\"elementor-widget-container\">\n\t\t\t\t\t\t\t\t\t\t\t\t\t\t\t<img loading=\"lazy\" decoding=\"async\" width=\"150\" height=\"150\" src=\"https:\/\/seminario2021.org\/wp-content\/uploads\/2021\/10\/Logo-GCE-150x150.png\" class=\"attachment-thumbnail size-thumbnail wp-image-1355\" alt=\"\" srcset=\"https:\/\/seminario2021.org\/wp-content\/uploads\/2021\/10\/Logo-GCE-150x150.png 150w, https:\/\/seminario2021.org\/wp-content\/uploads\/2021\/10\/Logo-GCE-300x300.png 300w, https:\/\/seminario2021.org\/wp-content\/uploads\/2021\/10\/Logo-GCE-1024x1024.png 1024w, https:\/\/seminario2021.org\/wp-content\/uploads\/2021\/10\/Logo-GCE-768x768.png 768w, https:\/\/seminario2021.org\/wp-content\/uploads\/2021\/10\/Logo-GCE.png 1536w\" sizes=\"(max-width: 150px) 100vw, 150px\" \/>\t\t\t\t\t\t\t\t\t\t\t\t\t\t\t<\/div>\n\t\t\t\t<\/div>\n\t\t\t\t\t<\/div>\n\t\t<\/div>\n\t\t\t\t\t<\/div>\n\t\t<\/section>\n\t\t\t\t<\/div>\n\t\t","protected":false},"excerpt":{"rendered":"<p>A transformac\u0327a\u0303o da escola no marco do Pacto Educativo Global Semina\u0301rio de Formac\u0327a\u0303o de Educadores21-23 outubro 2021 Oferecer um espa\u00e7o de reflex\u00e3o que permita discernir necessidades a partir de uma escuta atenta Gerar a necessidade de uma transforma\u00e7\u00e3o sist\u00eamica para a inova\u00e7\u00e3o sustent\u00e1vel Gerar uma rede que promova o Pacto Global pela Educa\u00e7\u00e3o TEMPO DE [&hellip;]<\/p>\n","protected":false},"author":1,"featured_media":0,"parent":0,"menu_order":0,"comment_status":"closed","ping_status":"closed","template":"","meta":{"footnotes":""},"class_list":["post-925","page","type-page","status-publish","hentry"],"_links":{"self":[{"href":"https:\/\/seminario2021.org\/pt-br\/wp-json\/wp\/v2\/pages\/925","targetHints":{"allow":["GET"]}}],"collection":[{"href":"https:\/\/seminario2021.org\/pt-br\/wp-json\/wp\/v2\/pages"}],"about":[{"href":"https:\/\/seminario2021.org\/pt-br\/wp-json\/wp\/v2\/types\/page"}],"author":[{"embeddable":true,"href":"https:\/\/seminario2021.org\/pt-br\/wp-json\/wp\/v2\/users\/1"}],"replies":[{"embeddable":true,"href":"https:\/\/seminario2021.org\/pt-br\/wp-json\/wp\/v2\/comments?post=925"}],"version-history":[{"count":9,"href":"https:\/\/seminario2021.org\/pt-br\/wp-json\/wp\/v2\/pages\/925\/revisions"}],"predecessor-version":[{"id":1727,"href":"https:\/\/seminario2021.org\/pt-br\/wp-json\/wp\/v2\/pages\/925\/revisions\/1727"}],"wp:attachment":[{"href":"https:\/\/seminario2021.org\/pt-br\/wp-json\/wp\/v2\/media?parent=925"}],"curies":[{"name":"wp","href":"https:\/\/api.w.org\/{rel}","templated":true}]}}